{"id":107,"date":"2023-08-23T17:18:32","date_gmt":"2023-08-23T20:18:32","guid":{"rendered":"https:\/\/romainvestimentos.com\/?page_id=107"},"modified":"2024-09-19T19:28:27","modified_gmt":"2024-09-19T22:28:27","slug":"produtos-fundos-de-investimento","status":"publish","type":"page","link":"https:\/\/romainvestimentos.com\/index.php\/produtos-fundos-de-investimento\/","title":{"rendered":"Produtos &#8211; Fundos de Investimento"},"content":{"rendered":"\t\t<div data-elementor-type=\"wp-page\" data-elementor-id=\"107\" class=\"elementor elementor-107\">\n\t\t\t\t\t\t\t\t\t<section class=\"elementor-section elementor-top-section elementor-element elementor-element-1ad76bd elementor-section-boxed elementor-section-height-default elementor-section-height-default\" data-id=\"1ad76bd\" data-element_type=\"section\">\n\t\t\t\t\t\t<div class=\"elementor-container elementor-column-gap-default\">\n\t\t\t\t\t<div class=\"elementor-column elementor-col-100 elementor-top-column elementor-element elementor-element-9187322\" data-id=\"9187322\" data-element_type=\"column\">\n\t\t\t<div class=\"elementor-widget-wrap elementor-element-populated\">\n\t\t\t\t\t\t\t\t<div class=\"elementor-element elementor-element-bc6c747 elementor-invisible elementor-widget elementor-widget-heading\" data-id=\"bc6c747\" data-element_type=\"widget\" data-settings=\"{&quot;_animation&quot;:&quot;fadeIn&quot;}\" data-widget_type=\"heading.default\">\n\t\t\t\t<div class=\"elementor-widget-container\">\n\t\t\t<style>\/*! elementor - v3.15.0 - 20-08-2023 *\/\n.elementor-heading-title{padding:0;margin:0;line-height:1}.elementor-widget-heading .elementor-heading-title[class*=elementor-size-]>a{color:inherit;font-size:inherit;line-height:inherit}.elementor-widget-heading .elementor-heading-title.elementor-size-small{font-size:15px}.elementor-widget-heading .elementor-heading-title.elementor-size-medium{font-size:19px}.elementor-widget-heading .elementor-heading-title.elementor-size-large{font-size:29px}.elementor-widget-heading .elementor-heading-title.elementor-size-xl{font-size:39px}.elementor-widget-heading .elementor-heading-title.elementor-size-xxl{font-size:59px}<\/style><h1 class=\"elementor-heading-title elementor-size-default\">Fundos de Investimento<\/h1>\t\t<\/div>\n\t\t\t\t<\/div>\n\t\t\t\t<div class=\"elementor-element elementor-element-e1eacf7 elementor-widget elementor-widget-spacer\" data-id=\"e1eacf7\" data-element_type=\"widget\" data-widget_type=\"spacer.default\">\n\t\t\t\t<div class=\"elementor-widget-container\">\n\t\t\t<style>\/*! elementor - v3.15.0 - 20-08-2023 *\/\n.elementor-column .elementor-spacer-inner{height:var(--spacer-size)}.e-con{--container-widget-width:100%}.e-con-inner>.elementor-widget-spacer,.e-con>.elementor-widget-spacer{width:var(--container-widget-width,var(--spacer-size));--align-self:var(--container-widget-align-self,initial);--flex-shrink:0}.e-con-inner>.elementor-widget-spacer>.elementor-widget-container,.e-con-inner>.elementor-widget-spacer>.elementor-widget-container>.elementor-spacer,.e-con>.elementor-widget-spacer>.elementor-widget-container,.e-con>.elementor-widget-spacer>.elementor-widget-container>.elementor-spacer{height:100%}.e-con-inner>.elementor-widget-spacer>.elementor-widget-container>.elementor-spacer>.elementor-spacer-inner,.e-con>.elementor-widget-spacer>.elementor-widget-container>.elementor-spacer>.elementor-spacer-inner{height:var(--container-widget-height,var(--spacer-size))}<\/style>\t\t<div class=\"elementor-spacer\">\n\t\t\t<div class=\"elementor-spacer-inner\"><\/div>\n\t\t<\/div>\n\t\t\t\t<\/div>\n\t\t\t\t<\/div>\n\t\t\t\t\t<\/div>\n\t\t<\/div>\n\t\t\t\t\t\t\t<\/div>\n\t\t<\/section>\n\t\t\t\t<section class=\"elementor-section elementor-top-section elementor-element elementor-element-374a0cd elementor-section-boxed elementor-section-height-default elementor-section-height-default\" data-id=\"374a0cd\" data-element_type=\"section\">\n\t\t\t\t\t\t<div class=\"elementor-container elementor-column-gap-default\">\n\t\t\t\t\t<div class=\"elementor-column elementor-col-50 elementor-top-column elementor-element elementor-element-63b749e\" data-id=\"63b749e\" data-element_type=\"column\">\n\t\t\t<div class=\"elementor-widget-wrap elementor-element-populated\">\n\t\t\t\t\t\t\t\t<div class=\"elementor-element elementor-element-0568b70 elementor-widget elementor-widget-heading\" data-id=\"0568b70\" data-element_type=\"widget\" data-widget_type=\"heading.default\">\n\t\t\t\t<div class=\"elementor-widget-container\">\n\t\t\t<h2 class=\"elementor-heading-title elementor-size-default\">O Que S\u00e3o?<\/h2>\t\t<\/div>\n\t\t\t\t<\/div>\n\t\t\t\t<div class=\"elementor-element elementor-element-e3be9ba elementor-widget elementor-widget-text-editor\" data-id=\"e3be9ba\" data-element_type=\"widget\" data-widget_type=\"text-editor.default\">\n\t\t\t\t<div class=\"elementor-widget-container\">\n\t\t\t<style>\/*! elementor - v3.15.0 - 20-08-2023 *\/\n.elementor-widget-text-editor.elementor-drop-cap-view-stacked .elementor-drop-cap{background-color:#69727d;color:#fff}.elementor-widget-text-editor.elementor-drop-cap-view-framed .elementor-drop-cap{color:#69727d;border:3px solid;background-color:transparent}.elementor-widget-text-editor:not(.elementor-drop-cap-view-default) .elementor-drop-cap{margin-top:8px}.elementor-widget-text-editor:not(.elementor-drop-cap-view-default) .elementor-drop-cap-letter{width:1em;height:1em}.elementor-widget-text-editor .elementor-drop-cap{float:left;text-align:center;line-height:1;font-size:50px}.elementor-widget-text-editor .elementor-drop-cap-letter{display:inline-block}<\/style>\t\t\t\t<div id=\"ztl1K6\" class=\"text-box layout-element__component layout-element__component--GridTextBox\" style=\"--36f106d3: break-spaces; --0706d955: break-spaces;\" data-qa=\"gridtextbox:ztl1k6\"><div class=\"block-layout block-layout--layout\" data-v-c23ec894=\"\"><div class=\"layout-element layout-element--layout layout-element transition transition--scale\" data-animation-state=\"active\"><div id=\"ziIyfx\" class=\"text-box layout-element__component layout-element__component--GridTextBox\" data-qa=\"gridtextbox:ziiyfx\"><p class=\"body-large\">Imagine um fundo de investimento como uma comunidade de investidores que se unem para realizar aplica\u00e7\u00f5es conjuntas, dividir custos e responsabilidades. Na pr\u00e1tica, ao ingressar nesse fundo, o investidor obt\u00e9m cotas e adere \u00e0s normas estabelecidas atrav\u00e9s de um acordo. O gestor, por sua vez, utiliza os recursos investidos para operar no mercado financeiro, buscando alcan\u00e7ar rentabilidade de acordo com as regras definidas no momento da cria\u00e7\u00e3o do fundo. Em troca do trabalho desempenhado pelo gestor e para cobrir as despesas operacionais, cada fundo estabelece uma taxa de administra\u00e7\u00e3o, vari\u00e1vel conforme a complexidade da estrat\u00e9gia de investimentos e as tarifas exigidas pelo criador do fundo.<\/p><\/div><\/div><\/div><\/div>\t\t\t\t\t\t<\/div>\n\t\t\t\t<\/div>\n\t\t\t\t\t<\/div>\n\t\t<\/div>\n\t\t\t\t<div class=\"elementor-column elementor-col-50 elementor-top-column elementor-element elementor-element-a26e67a\" data-id=\"a26e67a\" data-element_type=\"column\">\n\t\t\t<div class=\"elementor-widget-wrap elementor-element-populated\">\n\t\t\t\t\t\t\t\t<div class=\"elementor-element elementor-element-167b0bf elementor-widget elementor-widget-image\" data-id=\"167b0bf\" data-element_type=\"widget\" data-widget_type=\"image.default\">\n\t\t\t\t<div class=\"elementor-widget-container\">\n\t\t\t<style>\/*! elementor - v3.15.0 - 20-08-2023 *\/\n.elementor-widget-image{text-align:center}.elementor-widget-image a{display:inline-block}.elementor-widget-image a img[src$=\".svg\"]{width:48px}.elementor-widget-image img{vertical-align:middle;display:inline-block}<\/style>\t\t\t\t\t\t\t\t\t\t\t\t<img decoding=\"async\" loading=\"lazy\" width=\"800\" height=\"457\" src=\"https:\/\/romainvestimentos.com\/wp-content\/uploads\/2023\/08\/ft_2-1024x585.jpg\" class=\"attachment-large size-large wp-image-109\" alt=\"\" srcset=\"https:\/\/romainvestimentos.com\/wp-content\/uploads\/2023\/08\/ft_2-1024x585.jpg 1024w, https:\/\/romainvestimentos.com\/wp-content\/uploads\/2023\/08\/ft_2-300x171.jpg 300w, https:\/\/romainvestimentos.com\/wp-content\/uploads\/2023\/08\/ft_2-768x439.jpg 768w, https:\/\/romainvestimentos.com\/wp-content\/uploads\/2023\/08\/ft_2-1536x878.jpg 1536w, https:\/\/romainvestimentos.com\/wp-content\/uploads\/2023\/08\/ft_2.jpg 2000w\" sizes=\"(max-width: 800px) 100vw, 800px\" \/>\t\t\t\t\t\t\t\t\t\t\t\t\t\t\t<\/div>\n\t\t\t\t<\/div>\n\t\t\t\t\t<\/div>\n\t\t<\/div>\n\t\t\t\t\t\t\t<\/div>\n\t\t<\/section>\n\t\t\t\t<section class=\"elementor-section elementor-top-section elementor-element elementor-element-c3957a7 elementor-section-boxed elementor-section-height-default elementor-section-height-default\" data-id=\"c3957a7\" data-element_type=\"section\">\n\t\t\t\t\t\t<div class=\"elementor-container elementor-column-gap-default\">\n\t\t\t\t\t<div class=\"elementor-column elementor-col-100 elementor-top-column elementor-element elementor-element-742ec72\" data-id=\"742ec72\" data-element_type=\"column\">\n\t\t\t<div class=\"elementor-widget-wrap elementor-element-populated\">\n\t\t\t\t\t\t\t\t<div class=\"elementor-element elementor-element-4bf7a62 elementor-widget elementor-widget-spacer\" data-id=\"4bf7a62\" data-element_type=\"widget\" data-widget_type=\"spacer.default\">\n\t\t\t\t<div class=\"elementor-widget-container\">\n\t\t\t\t\t<div class=\"elementor-spacer\">\n\t\t\t<div class=\"elementor-spacer-inner\"><\/div>\n\t\t<\/div>\n\t\t\t\t<\/div>\n\t\t\t\t<\/div>\n\t\t\t\t<div class=\"elementor-element elementor-element-e632dc2 elementor-widget elementor-widget-text-editor\" data-id=\"e632dc2\" data-element_type=\"widget\" data-widget_type=\"text-editor.default\">\n\t\t\t\t<div class=\"elementor-widget-container\">\n\t\t\t\t\t\t\t<div id=\"zHcAnF\" class=\"text-box layout-element__component layout-element__component--GridTextBox\" data-qa=\"gridtextbox:zhcanf\"><p class=\"body\">Os fundos de opera\u00e7\u00e3o mais simples, como os de renda fixa, geralmente apresentam taxas de administra\u00e7\u00e3o abaixo de 1% ao ano, enquanto os mais complexos e ativamente geridos, como os multimercado e de a\u00e7\u00f5es, costumam ter taxas em torno de 2% ao ano. Essas categorias tamb\u00e9m podem aplicar uma taxa de desempenho, cobrada caso a rentabilidade exceda a meta pr\u00e9-definida e aceita pelos investidores, estimulando a gest\u00e3o a obter resultados superiores, por\u00e9m, resultando em estrat\u00e9gias mais arriscadas. Al\u00e9m dos j\u00e1 mencionados fundos de renda fixa, multimercado e a\u00e7\u00f5es, existem ainda os fundos cambiais, que buscam valoriza\u00e7\u00e3o por meio da negocia\u00e7\u00e3o de moedas estrangeiras.<\/p><p class=\"body\">Com certeza, voc\u00ea j\u00e1 ouviu falar de v\u00e1rias outras classifica\u00e7\u00f5es, que servem para melhor caracterizar as estrat\u00e9gias de opera\u00e7\u00e3o, como Macro, Long &amp; Short, Hedge e Referenciado. O fundamental \u00e9 compreender como o gestor do fundo escolhido busca rentabilidade, os custos envolvidos e, principalmente, como a estrat\u00e9gia de gest\u00e3o se adequa ao seu perfil como investidor.<\/p><\/div>\t\t\t\t\t\t<\/div>\n\t\t\t\t<\/div>\n\t\t\t\t<div class=\"elementor-element elementor-element-b7a0b61 elementor-widget elementor-widget-spacer\" data-id=\"b7a0b61\" data-element_type=\"widget\" data-widget_type=\"spacer.default\">\n\t\t\t\t<div class=\"elementor-widget-container\">\n\t\t\t\t\t<div class=\"elementor-spacer\">\n\t\t\t<div class=\"elementor-spacer-inner\"><\/div>\n\t\t<\/div>\n\t\t\t\t<\/div>\n\t\t\t\t<\/div>\n\t\t\t\t<div class=\"elementor-element elementor-element-6f67e7c elementor-widget elementor-widget-heading\" data-id=\"6f67e7c\" data-element_type=\"widget\" data-widget_type=\"heading.default\">\n\t\t\t\t<div class=\"elementor-widget-container\">\n\t\t\t<h2 class=\"elementor-heading-title elementor-size-default\">Leia Mais Sobre Fundos de Investimento<\/h2>\t\t<\/div>\n\t\t\t\t<\/div>\n\t\t\t\t\t<\/div>\n\t\t<\/div>\n\t\t\t\t\t\t\t<\/div>\n\t\t<\/section>\n\t\t\t\t<section class=\"elementor-section elementor-top-section elementor-element elementor-element-90c1b29 elementor-section-boxed elementor-section-height-default elementor-section-height-default\" data-id=\"90c1b29\" data-element_type=\"section\">\n\t\t\t\t\t\t<div class=\"elementor-container elementor-column-gap-default\">\n\t\t\t\t\t<div class=\"elementor-column elementor-col-50 elementor-top-column elementor-element elementor-element-5bba301\" data-id=\"5bba301\" data-element_type=\"column\">\n\t\t\t<div class=\"elementor-widget-wrap elementor-element-populated\">\n\t\t\t\t\t\t\t\t<div class=\"elementor-element elementor-element-27cbc4e elementor-widget elementor-widget-image\" data-id=\"27cbc4e\" data-element_type=\"widget\" data-widget_type=\"image.default\">\n\t\t\t\t<div class=\"elementor-widget-container\">\n\t\t\t\t\t\t\t\t\t\t\t\t<figure class=\"wp-caption\">\n\t\t\t\t\t\t\t\t\t\t\t<a href=\"https:\/\/conteudos.xpi.com.br\/aprenda-a-investir\/relatorios\/guia-completo-sobre-fundos-de-investimento-entenda-como-aplicar-e-o-que-fazer\/\">\n\t\t\t\t\t\t\t<img decoding=\"async\" loading=\"lazy\" width=\"800\" height=\"534\" src=\"https:\/\/romainvestimentos.com\/wp-content\/uploads\/2023\/08\/ft_3-1024x683.jpg\" class=\"attachment-large size-large wp-image-137\" alt=\"\" srcset=\"https:\/\/romainvestimentos.com\/wp-content\/uploads\/2023\/08\/ft_3-1024x683.jpg 1024w, https:\/\/romainvestimentos.com\/wp-content\/uploads\/2023\/08\/ft_3-300x200.jpg 300w, https:\/\/romainvestimentos.com\/wp-content\/uploads\/2023\/08\/ft_3-768x512.jpg 768w, https:\/\/romainvestimentos.com\/wp-content\/uploads\/2023\/08\/ft_3-1536x1024.jpg 1536w, https:\/\/romainvestimentos.com\/wp-content\/uploads\/2023\/08\/ft_3-2048x1365.jpg 2048w\" sizes=\"(max-width: 800px) 100vw, 800px\" \/>\t\t\t\t\t\t\t\t<\/a>\n\t\t\t\t\t\t\t\t\t\t\t<figcaption class=\"widget-image-caption wp-caption-text\">Guia completo sobre Fundos de Investimento: Entenda como aplicar e o que fazer<\/figcaption>\n\t\t\t\t\t\t\t\t\t\t<\/figure>\n\t\t\t\t\t\t\t\t\t<\/div>\n\t\t\t\t<\/div>\n\t\t\t\t\t<\/div>\n\t\t<\/div>\n\t\t\t\t<div class=\"elementor-column elementor-col-50 elementor-top-column elementor-element elementor-element-9e54809\" data-id=\"9e54809\" data-element_type=\"column\">\n\t\t\t<div class=\"elementor-widget-wrap elementor-element-populated\">\n\t\t\t\t\t\t\t\t<div class=\"elementor-element elementor-element-9df8cd4 elementor-widget elementor-widget-image\" data-id=\"9df8cd4\" data-element_type=\"widget\" data-widget_type=\"image.default\">\n\t\t\t\t<div class=\"elementor-widget-container\">\n\t\t\t\t\t\t\t\t\t\t\t\t<figure class=\"wp-caption\">\n\t\t\t\t\t\t\t\t\t\t\t<a href=\"https:\/\/conteudos.xpi.com.br\/fundos-de-investimento\/recomendacoes\/\">\n\t\t\t\t\t\t\t<img decoding=\"async\" loading=\"lazy\" width=\"800\" height=\"534\" src=\"https:\/\/romainvestimentos.com\/wp-content\/uploads\/2023\/08\/ft_1-1024x684.jpg\" class=\"attachment-large size-large wp-image-143\" alt=\"\" srcset=\"https:\/\/romainvestimentos.com\/wp-content\/uploads\/2023\/08\/ft_1-1024x684.jpg 1024w, https:\/\/romainvestimentos.com\/wp-content\/uploads\/2023\/08\/ft_1-300x200.jpg 300w, https:\/\/romainvestimentos.com\/wp-content\/uploads\/2023\/08\/ft_1-768x513.jpg 768w, https:\/\/romainvestimentos.com\/wp-content\/uploads\/2023\/08\/ft_1-1536x1026.jpg 1536w, https:\/\/romainvestimentos.com\/wp-content\/uploads\/2023\/08\/ft_1-2048x1367.jpg 2048w\" sizes=\"(max-width: 800px) 100vw, 800px\" \/>\t\t\t\t\t\t\t\t<\/a>\n\t\t\t\t\t\t\t\t\t\t\t<figcaption class=\"widget-image-caption wp-caption-text\">Top Fundos \u2013 Recomenda\u00e7\u00f5es<\/figcaption>\n\t\t\t\t\t\t\t\t\t\t<\/figure>\n\t\t\t\t\t\t\t\t\t<\/div>\n\t\t\t\t<\/div>\n\t\t\t\t\t<\/div>\n\t\t<\/div>\n\t\t\t\t\t\t\t<\/div>\n\t\t<\/section>\n\t\t\t\t\t\t\t<\/div>\n\t\t","protected":false},"excerpt":{"rendered":"<p>Fundos de Investimento O Que S\u00e3o? Imagine um fundo de investimento como uma comunidade de investidores que se unem para realizar aplica\u00e7\u00f5es conjuntas, dividir custos e responsabilidades. Na pr\u00e1tica, ao ingressar nesse fundo, o investidor obt\u00e9m cotas e adere \u00e0s normas estabelecidas atrav\u00e9s de um acordo. O gestor, por sua vez, utiliza os recursos investidos [&hellip;]<\/p>\n","protected":false},"author":1,"featured_media":0,"parent":0,"menu_order":0,"comment_status":"closed","ping_status":"closed","template":"","meta":{"footnotes":""},"_links":{"self":[{"href":"https:\/\/romainvestimentos.com\/index.php\/wp-json\/wp\/v2\/pages\/107"}],"collection":[{"href":"https:\/\/romainvestimentos.com\/index.php\/wp-json\/wp\/v2\/pages"}],"about":[{"href":"https:\/\/romainvestimentos.com\/index.php\/wp-json\/wp\/v2\/types\/page"}],"author":[{"embeddable":true,"href":"https:\/\/romainvestimentos.com\/index.php\/wp-json\/wp\/v2\/users\/1"}],"replies":[{"embeddable":true,"href":"https:\/\/romainvestimentos.com\/index.php\/wp-json\/wp\/v2\/comments?post=107"}],"version-history":[{"count":15,"href":"https:\/\/romainvestimentos.com\/index.php\/wp-json\/wp\/v2\/pages\/107\/revisions"}],"predecessor-version":[{"id":526,"href":"https:\/\/romainvestimentos.com\/index.php\/wp-json\/wp\/v2\/pages\/107\/revisions\/526"}],"wp:attachment":[{"href":"https:\/\/romainvestimentos.com\/index.php\/wp-json\/wp\/v2\/media?parent=107"}],"curies":[{"name":"wp","href":"https:\/\/api.w.org\/{rel}","templated":true}]}}