{"id":153,"date":"2023-08-23T17:35:39","date_gmt":"2023-08-23T20:35:39","guid":{"rendered":"https:\/\/romainvestimentos.com\/?page_id=153"},"modified":"2023-08-23T18:41:28","modified_gmt":"2023-08-23T21:41:28","slug":"produtos-tesouro-direto","status":"publish","type":"page","link":"https:\/\/romainvestimentos.com\/index.php\/produtos-tesouro-direto\/","title":{"rendered":"Produtos &#8211; Tesouro Direto"},"content":{"rendered":"\t\t<div data-elementor-type=\"wp-page\" data-elementor-id=\"153\" class=\"elementor elementor-153\">\n\t\t\t\t\t\t\t\t\t<section class=\"elementor-section elementor-top-section elementor-element elementor-element-1ad76bd elementor-section-boxed elementor-section-height-default elementor-section-height-default\" data-id=\"1ad76bd\" data-element_type=\"section\">\n\t\t\t\t\t\t<div class=\"elementor-container elementor-column-gap-default\">\n\t\t\t\t\t<div class=\"elementor-column elementor-col-100 elementor-top-column elementor-element elementor-element-9187322\" data-id=\"9187322\" data-element_type=\"column\">\n\t\t\t<div class=\"elementor-widget-wrap elementor-element-populated\">\n\t\t\t\t\t\t\t\t<div class=\"elementor-element elementor-element-bc6c747 elementor-invisible elementor-widget elementor-widget-heading\" data-id=\"bc6c747\" data-element_type=\"widget\" data-settings=\"{&quot;_animation&quot;:&quot;fadeIn&quot;}\" data-widget_type=\"heading.default\">\n\t\t\t\t<div class=\"elementor-widget-container\">\n\t\t\t<style>\/*! elementor - v3.15.0 - 20-08-2023 *\/\n.elementor-heading-title{padding:0;margin:0;line-height:1}.elementor-widget-heading .elementor-heading-title[class*=elementor-size-]>a{color:inherit;font-size:inherit;line-height:inherit}.elementor-widget-heading .elementor-heading-title.elementor-size-small{font-size:15px}.elementor-widget-heading .elementor-heading-title.elementor-size-medium{font-size:19px}.elementor-widget-heading .elementor-heading-title.elementor-size-large{font-size:29px}.elementor-widget-heading .elementor-heading-title.elementor-size-xl{font-size:39px}.elementor-widget-heading .elementor-heading-title.elementor-size-xxl{font-size:59px}<\/style><h1 class=\"elementor-heading-title elementor-size-default\">Tesouro Direto<\/h1>\t\t<\/div>\n\t\t\t\t<\/div>\n\t\t\t\t<div class=\"elementor-element elementor-element-e1eacf7 elementor-widget elementor-widget-spacer\" data-id=\"e1eacf7\" data-element_type=\"widget\" data-widget_type=\"spacer.default\">\n\t\t\t\t<div class=\"elementor-widget-container\">\n\t\t\t<style>\/*! elementor - v3.15.0 - 20-08-2023 *\/\n.elementor-column .elementor-spacer-inner{height:var(--spacer-size)}.e-con{--container-widget-width:100%}.e-con-inner>.elementor-widget-spacer,.e-con>.elementor-widget-spacer{width:var(--container-widget-width,var(--spacer-size));--align-self:var(--container-widget-align-self,initial);--flex-shrink:0}.e-con-inner>.elementor-widget-spacer>.elementor-widget-container,.e-con-inner>.elementor-widget-spacer>.elementor-widget-container>.elementor-spacer,.e-con>.elementor-widget-spacer>.elementor-widget-container,.e-con>.elementor-widget-spacer>.elementor-widget-container>.elementor-spacer{height:100%}.e-con-inner>.elementor-widget-spacer>.elementor-widget-container>.elementor-spacer>.elementor-spacer-inner,.e-con>.elementor-widget-spacer>.elementor-widget-container>.elementor-spacer>.elementor-spacer-inner{height:var(--container-widget-height,var(--spacer-size))}<\/style>\t\t<div class=\"elementor-spacer\">\n\t\t\t<div class=\"elementor-spacer-inner\"><\/div>\n\t\t<\/div>\n\t\t\t\t<\/div>\n\t\t\t\t<\/div>\n\t\t\t\t\t<\/div>\n\t\t<\/div>\n\t\t\t\t\t\t\t<\/div>\n\t\t<\/section>\n\t\t\t\t<section class=\"elementor-section elementor-top-section elementor-element elementor-element-374a0cd elementor-section-boxed elementor-section-height-default elementor-section-height-default\" data-id=\"374a0cd\" data-element_type=\"section\">\n\t\t\t\t\t\t<div class=\"elementor-container elementor-column-gap-default\">\n\t\t\t\t\t<div class=\"elementor-column elementor-col-50 elementor-top-column elementor-element elementor-element-63b749e\" data-id=\"63b749e\" data-element_type=\"column\">\n\t\t\t<div class=\"elementor-widget-wrap elementor-element-populated\">\n\t\t\t\t\t\t\t\t<div class=\"elementor-element elementor-element-0568b70 elementor-widget elementor-widget-heading\" data-id=\"0568b70\" data-element_type=\"widget\" data-widget_type=\"heading.default\">\n\t\t\t\t<div class=\"elementor-widget-container\">\n\t\t\t<h2 class=\"elementor-heading-title elementor-size-default\">O Que S\u00e3o?<\/h2>\t\t<\/div>\n\t\t\t\t<\/div>\n\t\t\t\t<div class=\"elementor-element elementor-element-e3be9ba elementor-widget elementor-widget-text-editor\" data-id=\"e3be9ba\" data-element_type=\"widget\" data-widget_type=\"text-editor.default\">\n\t\t\t\t<div class=\"elementor-widget-container\">\n\t\t\t<style>\/*! elementor - v3.15.0 - 20-08-2023 *\/\n.elementor-widget-text-editor.elementor-drop-cap-view-stacked .elementor-drop-cap{background-color:#69727d;color:#fff}.elementor-widget-text-editor.elementor-drop-cap-view-framed .elementor-drop-cap{color:#69727d;border:3px solid;background-color:transparent}.elementor-widget-text-editor:not(.elementor-drop-cap-view-default) .elementor-drop-cap{margin-top:8px}.elementor-widget-text-editor:not(.elementor-drop-cap-view-default) .elementor-drop-cap-letter{width:1em;height:1em}.elementor-widget-text-editor .elementor-drop-cap{float:left;text-align:center;line-height:1;font-size:50px}.elementor-widget-text-editor .elementor-drop-cap-letter{display:inline-block}<\/style>\t\t\t\t<div class=\"block-background\" style=\"--background-color: #000000; --background-overlay-opacity: 0;\" data-v-c23ec894=\"\">\u00a0<\/div><div id=\"zczeWy\" class=\"text-box layout-element__component layout-element__component--GridTextBox\" style=\"--36f106d3: break-spaces; --0706d955: break-spaces;\" data-qa=\"gridtextbox:zczewy\"><p class=\"body-large\" style=\"color: #848458;\">O Programa do Tesouro Nacional, conhecido como Tesouro Direto, foi criado em conjunto com a B3, proporcionando a venda online de t\u00edtulos p\u00fablicos federais para pessoas f\u00edsicas. Seu lan\u00e7amento ocorreu em 2002, com o intuito de democratizar o acesso a esses t\u00edtulos.<\/p><p class=\"body-large\" style=\"color: #848458;\">O Tesouro Direto se destaca como uma op\u00e7\u00e3o de investimento vantajosa, pois oferece t\u00edtulos com diferentes formas de rendimento: taxa prefixada, atrelada \u00e0 infla\u00e7\u00e3o ou vinculada \u00e0 taxa b\u00e1sica de juros da economia, a Selic. Al\u00e9m de ser acess\u00edvel e oferecer uma variedade de alternativas de investimento, apresenta uma boa rentabilidade e permite resgates di\u00e1rios, tornando-o a aplica\u00e7\u00e3o de menor risco no mercado.<\/p><\/div>\t\t\t\t\t\t<\/div>\n\t\t\t\t<\/div>\n\t\t\t\t\t<\/div>\n\t\t<\/div>\n\t\t\t\t<div class=\"elementor-column elementor-col-50 elementor-top-column elementor-element elementor-element-a26e67a\" data-id=\"a26e67a\" data-element_type=\"column\">\n\t\t\t<div class=\"elementor-widget-wrap elementor-element-populated\">\n\t\t\t\t\t\t\t\t<div class=\"elementor-element elementor-element-167b0bf elementor-widget elementor-widget-image\" data-id=\"167b0bf\" data-element_type=\"widget\" data-widget_type=\"image.default\">\n\t\t\t\t<div class=\"elementor-widget-container\">\n\t\t\t<style>\/*! elementor - v3.15.0 - 20-08-2023 *\/\n.elementor-widget-image{text-align:center}.elementor-widget-image a{display:inline-block}.elementor-widget-image a img[src$=\".svg\"]{width:48px}.elementor-widget-image img{vertical-align:middle;display:inline-block}<\/style>\t\t\t\t\t\t\t\t\t\t\t\t<img decoding=\"async\" loading=\"lazy\" width=\"800\" height=\"457\" src=\"https:\/\/romainvestimentos.com\/wp-content\/uploads\/2023\/08\/ft_5-1024x585.jpg\" class=\"attachment-large size-large wp-image-155\" alt=\"\" srcset=\"https:\/\/romainvestimentos.com\/wp-content\/uploads\/2023\/08\/ft_5-1024x585.jpg 1024w, https:\/\/romainvestimentos.com\/wp-content\/uploads\/2023\/08\/ft_5-300x171.jpg 300w, https:\/\/romainvestimentos.com\/wp-content\/uploads\/2023\/08\/ft_5-768x439.jpg 768w, https:\/\/romainvestimentos.com\/wp-content\/uploads\/2023\/08\/ft_5-1536x878.jpg 1536w, https:\/\/romainvestimentos.com\/wp-content\/uploads\/2023\/08\/ft_5.jpg 2000w\" sizes=\"(max-width: 800px) 100vw, 800px\" \/>\t\t\t\t\t\t\t\t\t\t\t\t\t\t\t<\/div>\n\t\t\t\t<\/div>\n\t\t\t\t\t<\/div>\n\t\t<\/div>\n\t\t\t\t\t\t\t<\/div>\n\t\t<\/section>\n\t\t\t\t<section class=\"elementor-section elementor-top-section elementor-element elementor-element-c3957a7 elementor-section-boxed elementor-section-height-default elementor-section-height-default\" data-id=\"c3957a7\" data-element_type=\"section\">\n\t\t\t\t\t\t<div class=\"elementor-container elementor-column-gap-default\">\n\t\t\t\t\t<div class=\"elementor-column elementor-col-100 elementor-top-column elementor-element elementor-element-742ec72\" data-id=\"742ec72\" data-element_type=\"column\">\n\t\t\t<div class=\"elementor-widget-wrap elementor-element-populated\">\n\t\t\t\t\t\t\t\t<div class=\"elementor-element elementor-element-4bf7a62 elementor-widget elementor-widget-spacer\" data-id=\"4bf7a62\" data-element_type=\"widget\" data-widget_type=\"spacer.default\">\n\t\t\t\t<div class=\"elementor-widget-container\">\n\t\t\t\t\t<div class=\"elementor-spacer\">\n\t\t\t<div class=\"elementor-spacer-inner\"><\/div>\n\t\t<\/div>\n\t\t\t\t<\/div>\n\t\t\t\t<\/div>\n\t\t\t\t<div class=\"elementor-element elementor-element-e632dc2 elementor-widget elementor-widget-text-editor\" data-id=\"e632dc2\" data-element_type=\"widget\" data-widget_type=\"text-editor.default\">\n\t\t\t\t<div class=\"elementor-widget-container\">\n\t\t\t\t\t\t\t<p>Ao investir no Tesouro Direto, o investidor pode optar entre tr\u00eas tipos de t\u00edtulos. Os prefixados garantem conhecimento pr\u00e9vio da rentabilidade e do valor a ser recebido na data de vencimento do t\u00edtulo. J\u00e1 o Tesouro Selic tem sua rentabilidade vinculada \u00e0 taxa Selic, a taxa b\u00e1sica de juros da economia brasileira. Por fim, o t\u00edtulo IPCA+ combina uma parcela fixa (prefixada) com outra atrelada \u00e0 varia\u00e7\u00e3o da infla\u00e7\u00e3o, medida pelo \u00cdndice de Pre\u00e7os ao Consumidor Amplo (IPCA).<\/p>\t\t\t\t\t\t<\/div>\n\t\t\t\t<\/div>\n\t\t\t\t<div class=\"elementor-element elementor-element-b7a0b61 elementor-widget elementor-widget-spacer\" data-id=\"b7a0b61\" data-element_type=\"widget\" data-widget_type=\"spacer.default\">\n\t\t\t\t<div class=\"elementor-widget-container\">\n\t\t\t\t\t<div class=\"elementor-spacer\">\n\t\t\t<div class=\"elementor-spacer-inner\"><\/div>\n\t\t<\/div>\n\t\t\t\t<\/div>\n\t\t\t\t<\/div>\n\t\t\t\t<div class=\"elementor-element elementor-element-6f67e7c elementor-widget elementor-widget-heading\" data-id=\"6f67e7c\" data-element_type=\"widget\" data-widget_type=\"heading.default\">\n\t\t\t\t<div class=\"elementor-widget-container\">\n\t\t\t<h2 class=\"elementor-heading-title elementor-size-default\">Leia Mais Sobre Investimentos<\/h2>\t\t<\/div>\n\t\t\t\t<\/div>\n\t\t\t\t\t<\/div>\n\t\t<\/div>\n\t\t\t\t\t\t\t<\/div>\n\t\t<\/section>\n\t\t\t\t<section class=\"elementor-section elementor-top-section elementor-element elementor-element-90c1b29 elementor-section-boxed elementor-section-height-default elementor-section-height-default\" data-id=\"90c1b29\" data-element_type=\"section\">\n\t\t\t\t\t\t<div class=\"elementor-container elementor-column-gap-default\">\n\t\t\t\t\t<div class=\"elementor-column elementor-col-50 elementor-top-column elementor-element elementor-element-5bba301\" data-id=\"5bba301\" data-element_type=\"column\">\n\t\t\t<div class=\"elementor-widget-wrap elementor-element-populated\">\n\t\t\t\t\t\t\t\t<div class=\"elementor-element elementor-element-27cbc4e elementor-widget elementor-widget-image\" data-id=\"27cbc4e\" data-element_type=\"widget\" data-widget_type=\"image.default\">\n\t\t\t\t<div class=\"elementor-widget-container\">\n\t\t\t\t\t\t\t\t\t\t\t\t<figure class=\"wp-caption\">\n\t\t\t\t\t\t\t\t\t\t\t<a href=\"https:\/\/conteudos.xpi.com.br\/aprenda-a-investir\/trilhas\/como-comecar-a-investir\/\">\n\t\t\t\t\t\t\t<img decoding=\"async\" loading=\"lazy\" width=\"800\" height=\"640\" src=\"https:\/\/romainvestimentos.com\/wp-content\/uploads\/2023\/08\/ft_6-1024x819.jpg\" class=\"attachment-large size-large wp-image-156\" alt=\"\" srcset=\"https:\/\/romainvestimentos.com\/wp-content\/uploads\/2023\/08\/ft_6-1024x819.jpg 1024w, https:\/\/romainvestimentos.com\/wp-content\/uploads\/2023\/08\/ft_6-300x240.jpg 300w, https:\/\/romainvestimentos.com\/wp-content\/uploads\/2023\/08\/ft_6-768x614.jpg 768w, https:\/\/romainvestimentos.com\/wp-content\/uploads\/2023\/08\/ft_6-1536x1229.jpg 1536w, https:\/\/romainvestimentos.com\/wp-content\/uploads\/2023\/08\/ft_6.jpg 2000w\" sizes=\"(max-width: 800px) 100vw, 800px\" \/>\t\t\t\t\t\t\t\t<\/a>\n\t\t\t\t\t\t\t\t\t\t\t<figcaption class=\"widget-image-caption wp-caption-text\">Como Come\u00e7ar a Investir<\/figcaption>\n\t\t\t\t\t\t\t\t\t\t<\/figure>\n\t\t\t\t\t\t\t\t\t<\/div>\n\t\t\t\t<\/div>\n\t\t\t\t\t<\/div>\n\t\t<\/div>\n\t\t\t\t<div class=\"elementor-column elementor-col-50 elementor-top-column elementor-element elementor-element-9e54809\" data-id=\"9e54809\" data-element_type=\"column\">\n\t\t\t<div class=\"elementor-widget-wrap elementor-element-populated\">\n\t\t\t\t\t\t\t\t<div class=\"elementor-element elementor-element-9df8cd4 elementor-widget elementor-widget-image\" data-id=\"9df8cd4\" data-element_type=\"widget\" data-widget_type=\"image.default\">\n\t\t\t\t<div class=\"elementor-widget-container\">\n\t\t\t\t\t\t\t\t\t\t\t\t<figure class=\"wp-caption\">\n\t\t\t\t\t\t\t\t\t\t\t<a href=\"https:\/\/conteudos.xpi.com.br\/aprenda-a-investir\/trilhas\/organize-sua-vida-financeira\/\">\n\t\t\t\t\t\t\t<img decoding=\"async\" loading=\"lazy\" width=\"800\" height=\"534\" src=\"https:\/\/romainvestimentos.com\/wp-content\/uploads\/2023\/08\/hand-holding-growth-arrow-with-coins-1024x683.jpg\" class=\"attachment-large size-large wp-image-237\" alt=\"\" srcset=\"https:\/\/romainvestimentos.com\/wp-content\/uploads\/2023\/08\/hand-holding-growth-arrow-with-coins-1024x683.jpg 1024w, https:\/\/romainvestimentos.com\/wp-content\/uploads\/2023\/08\/hand-holding-growth-arrow-with-coins-300x200.jpg 300w, https:\/\/romainvestimentos.com\/wp-content\/uploads\/2023\/08\/hand-holding-growth-arrow-with-coins-768x512.jpg 768w, https:\/\/romainvestimentos.com\/wp-content\/uploads\/2023\/08\/hand-holding-growth-arrow-with-coins.jpg 1500w\" sizes=\"(max-width: 800px) 100vw, 800px\" \/>\t\t\t\t\t\t\t\t<\/a>\n\t\t\t\t\t\t\t\t\t\t\t<figcaption class=\"widget-image-caption wp-caption-text\">Organize sua Vida Financeira<\/figcaption>\n\t\t\t\t\t\t\t\t\t\t<\/figure>\n\t\t\t\t\t\t\t\t\t<\/div>\n\t\t\t\t<\/div>\n\t\t\t\t\t<\/div>\n\t\t<\/div>\n\t\t\t\t\t\t\t<\/div>\n\t\t<\/section>\n\t\t\t\t\t\t\t<\/div>\n\t\t","protected":false},"excerpt":{"rendered":"<p>Tesouro Direto O Que S\u00e3o? \u00a0 O Programa do Tesouro Nacional, conhecido como Tesouro Direto, foi criado em conjunto com a B3, proporcionando a venda online de t\u00edtulos p\u00fablicos federais para pessoas f\u00edsicas. Seu lan\u00e7amento ocorreu em 2002, com o intuito de democratizar o acesso a esses t\u00edtulos. O Tesouro Direto se destaca como uma [&hellip;]<\/p>\n","protected":false},"author":1,"featured_media":0,"parent":0,"menu_order":0,"comment_status":"closed","ping_status":"closed","template":"","meta":{"footnotes":""},"_links":{"self":[{"href":"https:\/\/romainvestimentos.com\/index.php\/wp-json\/wp\/v2\/pages\/153"}],"collection":[{"href":"https:\/\/romainvestimentos.com\/index.php\/wp-json\/wp\/v2\/pages"}],"about":[{"href":"https:\/\/romainvestimentos.com\/index.php\/wp-json\/wp\/v2\/types\/page"}],"author":[{"embeddable":true,"href":"https:\/\/romainvestimentos.com\/index.php\/wp-json\/wp\/v2\/users\/1"}],"replies":[{"embeddable":true,"href":"https:\/\/romainvestimentos.com\/index.php\/wp-json\/wp\/v2\/comments?post=153"}],"version-history":[{"count":12,"href":"https:\/\/romainvestimentos.com\/index.php\/wp-json\/wp\/v2\/pages\/153\/revisions"}],"predecessor-version":[{"id":240,"href":"https:\/\/romainvestimentos.com\/index.php\/wp-json\/wp\/v2\/pages\/153\/revisions\/240"}],"wp:attachment":[{"href":"https:\/\/romainvestimentos.com\/index.php\/wp-json\/wp\/v2\/media?parent=153"}],"curies":[{"name":"wp","href":"https:\/\/api.w.org\/{rel}","templated":true}]}}