{"id":163,"date":"2023-08-23T17:37:02","date_gmt":"2023-08-23T20:37:02","guid":{"rendered":"https:\/\/romainvestimentos.com\/?page_id=163"},"modified":"2023-08-23T18:36:08","modified_gmt":"2023-08-23T21:36:08","slug":"produtos-fundos-imobiliarios","status":"publish","type":"page","link":"https:\/\/romainvestimentos.com\/index.php\/produtos-fundos-imobiliarios\/","title":{"rendered":"Produtos &#8211; Fundos Imobili\u00e1rios"},"content":{"rendered":"\t\t<div data-elementor-type=\"wp-page\" data-elementor-id=\"163\" class=\"elementor elementor-163\">\n\t\t\t\t\t\t\t\t\t<section class=\"elementor-section elementor-top-section elementor-element elementor-element-1ad76bd elementor-section-boxed elementor-section-height-default elementor-section-height-default\" data-id=\"1ad76bd\" data-element_type=\"section\">\n\t\t\t\t\t\t<div class=\"elementor-container elementor-column-gap-default\">\n\t\t\t\t\t<div class=\"elementor-column elementor-col-100 elementor-top-column elementor-element elementor-element-9187322\" data-id=\"9187322\" data-element_type=\"column\">\n\t\t\t<div class=\"elementor-widget-wrap elementor-element-populated\">\n\t\t\t\t\t\t\t\t<div class=\"elementor-element elementor-element-bc6c747 elementor-invisible elementor-widget elementor-widget-heading\" data-id=\"bc6c747\" data-element_type=\"widget\" data-settings=\"{&quot;_animation&quot;:&quot;fadeIn&quot;}\" data-widget_type=\"heading.default\">\n\t\t\t\t<div class=\"elementor-widget-container\">\n\t\t\t<style>\/*! elementor - v3.15.0 - 20-08-2023 *\/\n.elementor-heading-title{padding:0;margin:0;line-height:1}.elementor-widget-heading .elementor-heading-title[class*=elementor-size-]>a{color:inherit;font-size:inherit;line-height:inherit}.elementor-widget-heading .elementor-heading-title.elementor-size-small{font-size:15px}.elementor-widget-heading .elementor-heading-title.elementor-size-medium{font-size:19px}.elementor-widget-heading .elementor-heading-title.elementor-size-large{font-size:29px}.elementor-widget-heading .elementor-heading-title.elementor-size-xl{font-size:39px}.elementor-widget-heading .elementor-heading-title.elementor-size-xxl{font-size:59px}<\/style><h1 class=\"elementor-heading-title elementor-size-default\">Fundos Imobili\u00e1rios<\/h1>\t\t<\/div>\n\t\t\t\t<\/div>\n\t\t\t\t<div class=\"elementor-element elementor-element-e1eacf7 elementor-widget elementor-widget-spacer\" data-id=\"e1eacf7\" data-element_type=\"widget\" data-widget_type=\"spacer.default\">\n\t\t\t\t<div class=\"elementor-widget-container\">\n\t\t\t<style>\/*! elementor - v3.15.0 - 20-08-2023 *\/\n.elementor-column .elementor-spacer-inner{height:var(--spacer-size)}.e-con{--container-widget-width:100%}.e-con-inner>.elementor-widget-spacer,.e-con>.elementor-widget-spacer{width:var(--container-widget-width,var(--spacer-size));--align-self:var(--container-widget-align-self,initial);--flex-shrink:0}.e-con-inner>.elementor-widget-spacer>.elementor-widget-container,.e-con-inner>.elementor-widget-spacer>.elementor-widget-container>.elementor-spacer,.e-con>.elementor-widget-spacer>.elementor-widget-container,.e-con>.elementor-widget-spacer>.elementor-widget-container>.elementor-spacer{height:100%}.e-con-inner>.elementor-widget-spacer>.elementor-widget-container>.elementor-spacer>.elementor-spacer-inner,.e-con>.elementor-widget-spacer>.elementor-widget-container>.elementor-spacer>.elementor-spacer-inner{height:var(--container-widget-height,var(--spacer-size))}<\/style>\t\t<div class=\"elementor-spacer\">\n\t\t\t<div class=\"elementor-spacer-inner\"><\/div>\n\t\t<\/div>\n\t\t\t\t<\/div>\n\t\t\t\t<\/div>\n\t\t\t\t\t<\/div>\n\t\t<\/div>\n\t\t\t\t\t\t\t<\/div>\n\t\t<\/section>\n\t\t\t\t<section class=\"elementor-section elementor-top-section elementor-element elementor-element-374a0cd elementor-section-boxed elementor-section-height-default elementor-section-height-default\" data-id=\"374a0cd\" data-element_type=\"section\">\n\t\t\t\t\t\t<div class=\"elementor-container elementor-column-gap-default\">\n\t\t\t\t\t<div class=\"elementor-column elementor-col-50 elementor-top-column elementor-element elementor-element-63b749e\" data-id=\"63b749e\" data-element_type=\"column\">\n\t\t\t<div class=\"elementor-widget-wrap elementor-element-populated\">\n\t\t\t\t\t\t\t\t<div class=\"elementor-element elementor-element-0568b70 elementor-widget elementor-widget-heading\" data-id=\"0568b70\" data-element_type=\"widget\" data-widget_type=\"heading.default\">\n\t\t\t\t<div class=\"elementor-widget-container\">\n\t\t\t<h2 class=\"elementor-heading-title elementor-size-default\">O Que S\u00e3o?<\/h2>\t\t<\/div>\n\t\t\t\t<\/div>\n\t\t\t\t<div class=\"elementor-element elementor-element-e3be9ba elementor-widget elementor-widget-text-editor\" data-id=\"e3be9ba\" data-element_type=\"widget\" data-widget_type=\"text-editor.default\">\n\t\t\t\t<div class=\"elementor-widget-container\">\n\t\t\t<style>\/*! elementor - v3.15.0 - 20-08-2023 *\/\n.elementor-widget-text-editor.elementor-drop-cap-view-stacked .elementor-drop-cap{background-color:#69727d;color:#fff}.elementor-widget-text-editor.elementor-drop-cap-view-framed .elementor-drop-cap{color:#69727d;border:3px solid;background-color:transparent}.elementor-widget-text-editor:not(.elementor-drop-cap-view-default) .elementor-drop-cap{margin-top:8px}.elementor-widget-text-editor:not(.elementor-drop-cap-view-default) .elementor-drop-cap-letter{width:1em;height:1em}.elementor-widget-text-editor .elementor-drop-cap{float:left;text-align:center;line-height:1;font-size:50px}.elementor-widget-text-editor .elementor-drop-cap-letter{display:inline-block}<\/style>\t\t\t\t<div class=\"block-background\" style=\"--background-color: #000000; --background-overlay-opacity: 0;\" data-v-c23ec894=\"\">\u00a0<\/div><div id=\"zZfxNt\" class=\"text-box layout-element__component layout-element__component--GridTextBox\" style=\"--36f106d3: break-spaces; --0706d955: break-spaces;\" data-qa=\"gridtextbox:zzfxnt\"><p class=\"body-large\" style=\"color: #848458;\">Os FIIs, conhecidos como Fundos de Investimento Imobili\u00e1rio, t\u00eam como objetivo captar recursos de investidores e buscar rentabilidade no mercado imobili\u00e1rio. Suas estrat\u00e9gias abrangem desde a incorpora\u00e7\u00e3o de empreendimentos at\u00e9 a aquisi\u00e7\u00e3o de lajes corporativas, resid\u00eancias e galp\u00f5es log\u00edsticos para aluguel. Al\u00e9m disso, alguns FIIs tamb\u00e9m investem na compra e venda de direitos de cr\u00e9dito e d\u00edvidas do setor.<\/p><p class=\"body\" style=\"color: #848458;\">Em geral, considera-se que existem tr\u00eas principais tipos de FII: fundo de tijolo, fundo de aluguel e fundo de pap\u00e9is. Os FIIs de tijolo buscam adquirir terrenos ou propriedades, realizam reformas ou constru\u00e7\u00f5es e depois vendem os ativos para obter lucros. J\u00e1 os FIIs de aluguel, embora tamb\u00e9m sejam considerados de tijolo por possu\u00edrem ativos f\u00edsicos, buscam im\u00f3veis estrategicamente localizados, como lajes corporativas e galp\u00f5es, com o objetivo de gerar receita por meio de alugu\u00e9is e repassar a maior parte dos rendimentos aos cotistas. Por sua vez, os FIIs de papel obt\u00eam rentabilidade atrav\u00e9s da compra e venda de ativos do setor imobili\u00e1rio, como certificados de receb\u00edveis, letras de cr\u00e9dito e letras hipotec\u00e1rias, al\u00e9m de cotas de outros fundos imobili\u00e1rios.<\/p><\/div>\t\t\t\t\t\t<\/div>\n\t\t\t\t<\/div>\n\t\t\t\t\t<\/div>\n\t\t<\/div>\n\t\t\t\t<div class=\"elementor-column elementor-col-50 elementor-top-column elementor-element elementor-element-a26e67a\" data-id=\"a26e67a\" data-element_type=\"column\">\n\t\t\t<div class=\"elementor-widget-wrap elementor-element-populated\">\n\t\t\t\t\t\t\t\t<div class=\"elementor-element elementor-element-167b0bf elementor-widget elementor-widget-image\" data-id=\"167b0bf\" data-element_type=\"widget\" data-widget_type=\"image.default\">\n\t\t\t\t<div class=\"elementor-widget-container\">\n\t\t\t<style>\/*! elementor - v3.15.0 - 20-08-2023 *\/\n.elementor-widget-image{text-align:center}.elementor-widget-image a{display:inline-block}.elementor-widget-image a img[src$=\".svg\"]{width:48px}.elementor-widget-image img{vertical-align:middle;display:inline-block}<\/style>\t\t\t\t\t\t\t\t\t\t\t\t<img decoding=\"async\" loading=\"lazy\" width=\"684\" height=\"1024\" src=\"https:\/\/romainvestimentos.com\/wp-content\/uploads\/2023\/08\/ft_7-684x1024.jpg\" class=\"attachment-large size-large wp-image-165\" alt=\"\" srcset=\"https:\/\/romainvestimentos.com\/wp-content\/uploads\/2023\/08\/ft_7-684x1024.jpg 684w, https:\/\/romainvestimentos.com\/wp-content\/uploads\/2023\/08\/ft_7-200x300.jpg 200w, https:\/\/romainvestimentos.com\/wp-content\/uploads\/2023\/08\/ft_7-768x1150.jpg 768w, https:\/\/romainvestimentos.com\/wp-content\/uploads\/2023\/08\/ft_7-1026x1536.jpg 1026w, https:\/\/romainvestimentos.com\/wp-content\/uploads\/2023\/08\/ft_7.jpg 1336w\" sizes=\"(max-width: 684px) 100vw, 684px\" \/>\t\t\t\t\t\t\t\t\t\t\t\t\t\t\t<\/div>\n\t\t\t\t<\/div>\n\t\t\t\t\t<\/div>\n\t\t<\/div>\n\t\t\t\t\t\t\t<\/div>\n\t\t<\/section>\n\t\t\t\t<section class=\"elementor-section elementor-top-section elementor-element elementor-element-c3957a7 elementor-section-boxed elementor-section-height-default elementor-section-height-default\" data-id=\"c3957a7\" data-element_type=\"section\">\n\t\t\t\t\t\t<div class=\"elementor-container elementor-column-gap-default\">\n\t\t\t\t\t<div class=\"elementor-column elementor-col-100 elementor-top-column elementor-element elementor-element-742ec72\" data-id=\"742ec72\" data-element_type=\"column\">\n\t\t\t<div class=\"elementor-widget-wrap elementor-element-populated\">\n\t\t\t\t\t\t\t\t<div class=\"elementor-element elementor-element-4bf7a62 elementor-widget elementor-widget-spacer\" data-id=\"4bf7a62\" data-element_type=\"widget\" data-widget_type=\"spacer.default\">\n\t\t\t\t<div class=\"elementor-widget-container\">\n\t\t\t\t\t<div class=\"elementor-spacer\">\n\t\t\t<div class=\"elementor-spacer-inner\"><\/div>\n\t\t<\/div>\n\t\t\t\t<\/div>\n\t\t\t\t<\/div>\n\t\t\t\t<div class=\"elementor-element elementor-element-e632dc2 elementor-widget elementor-widget-text-editor\" data-id=\"e632dc2\" data-element_type=\"widget\" data-widget_type=\"text-editor.default\">\n\t\t\t\t<div class=\"elementor-widget-container\">\n\t\t\t\t\t\t\t<div id=\"zGx3XD\" class=\"text-box layout-element__component layout-element__component--GridTextBox\" style=\"--36f106d3: break-spaces; --0706d955: break-spaces;\" data-qa=\"gridtextbox:zgx3xd\"><p class=\"body\" style=\"color: #848458;\">Embora apresentem caracter\u00edsticas similares, como maior previsibilidade nos FIIs de tijolo e aluguel, e maior volatilidade nos FIIs de papel, eles variam em suas estrat\u00e9gias. Por exemplo, os FIIs de tijolo podem adquirir terrenos para constru\u00e7\u00e3o ou comprar im\u00f3veis desvalorizados em regi\u00f5es com potencial de valoriza\u00e7\u00e3o, reform\u00e1-los e aguardar o momento mais oportuno para a venda.<\/p><p class=\"body\" style=\"color: #848458;\">Os FIIs s\u00e3o fundos fechados, o que significa que suas cotas s\u00f3 podem ser adquiridas durante sua cria\u00e7\u00e3o ou no mercado secund\u00e1rio, ou seja, comprando de outros cotistas. Da mesma forma, para se desfazer dos investimentos, \u00e9 necess\u00e1rio vender as cotas no mercado para outros investidores, semelhante \u00e0 negocia\u00e7\u00e3o de a\u00e7\u00f5es na bolsa de valores. Devido a essa caracter\u00edstica, os FIIs podem apresentar maior volatilidade em compara\u00e7\u00e3o com os investimentos de renda fixa, mas tendem a ser menos vol\u00e1teis que as a\u00e7\u00f5es. Uma vantagem importante dos FIIs \u00e9 que eles s\u00e3o obrigados a distribuir aos cotistas pelo menos 95% dos rendimentos recebidos mensalmente, tornando-os uma excelente op\u00e7\u00e3o para gera\u00e7\u00e3o de renda recorrente.<\/p><\/div>\t\t\t\t\t\t<\/div>\n\t\t\t\t<\/div>\n\t\t\t\t<div class=\"elementor-element elementor-element-b7a0b61 elementor-widget elementor-widget-spacer\" data-id=\"b7a0b61\" data-element_type=\"widget\" data-widget_type=\"spacer.default\">\n\t\t\t\t<div class=\"elementor-widget-container\">\n\t\t\t\t\t<div class=\"elementor-spacer\">\n\t\t\t<div class=\"elementor-spacer-inner\"><\/div>\n\t\t<\/div>\n\t\t\t\t<\/div>\n\t\t\t\t<\/div>\n\t\t\t\t<div class=\"elementor-element elementor-element-6f67e7c elementor-widget elementor-widget-heading\" data-id=\"6f67e7c\" data-element_type=\"widget\" data-widget_type=\"heading.default\">\n\t\t\t\t<div class=\"elementor-widget-container\">\n\t\t\t<h2 class=\"elementor-heading-title elementor-size-default\">Leia Mais Sobre Fundos Imobili\u00e1rios<\/h2>\t\t<\/div>\n\t\t\t\t<\/div>\n\t\t\t\t\t<\/div>\n\t\t<\/div>\n\t\t\t\t\t\t\t<\/div>\n\t\t<\/section>\n\t\t\t\t<section class=\"elementor-section elementor-top-section elementor-element elementor-element-90c1b29 elementor-section-boxed elementor-section-height-default elementor-section-height-default\" data-id=\"90c1b29\" data-element_type=\"section\">\n\t\t\t\t\t\t<div class=\"elementor-container elementor-column-gap-default\">\n\t\t\t\t\t<div class=\"elementor-column elementor-col-50 elementor-top-column elementor-element elementor-element-5bba301\" data-id=\"5bba301\" data-element_type=\"column\">\n\t\t\t<div class=\"elementor-widget-wrap elementor-element-populated\">\n\t\t\t\t\t\t\t\t<div class=\"elementor-element elementor-element-27cbc4e elementor-widget elementor-widget-image\" data-id=\"27cbc4e\" data-element_type=\"widget\" data-widget_type=\"image.default\">\n\t\t\t\t<div class=\"elementor-widget-container\">\n\t\t\t\t\t\t\t\t\t\t\t\t<figure class=\"wp-caption\">\n\t\t\t\t\t\t\t\t\t\t\t<a href=\"https:\/\/conteudos.xpi.com.br\/fiis-na-semana\/\">\n\t\t\t\t\t\t\t<img decoding=\"async\" loading=\"lazy\" width=\"800\" height=\"640\" src=\"https:\/\/romainvestimentos.com\/wp-content\/uploads\/2023\/08\/ft_6-1024x819.jpg\" class=\"attachment-large size-large wp-image-156\" alt=\"\" srcset=\"https:\/\/romainvestimentos.com\/wp-content\/uploads\/2023\/08\/ft_6-1024x819.jpg 1024w, https:\/\/romainvestimentos.com\/wp-content\/uploads\/2023\/08\/ft_6-300x240.jpg 300w, https:\/\/romainvestimentos.com\/wp-content\/uploads\/2023\/08\/ft_6-768x614.jpg 768w, https:\/\/romainvestimentos.com\/wp-content\/uploads\/2023\/08\/ft_6-1536x1229.jpg 1536w, https:\/\/romainvestimentos.com\/wp-content\/uploads\/2023\/08\/ft_6.jpg 2000w\" sizes=\"(max-width: 800px) 100vw, 800px\" \/>\t\t\t\t\t\t\t\t<\/a>\n\t\t\t\t\t\t\t\t\t\t\t<figcaption class=\"widget-image-caption wp-caption-text\">FIIs da Semana<\/figcaption>\n\t\t\t\t\t\t\t\t\t\t<\/figure>\n\t\t\t\t\t\t\t\t\t<\/div>\n\t\t\t\t<\/div>\n\t\t\t\t\t<\/div>\n\t\t<\/div>\n\t\t\t\t<div class=\"elementor-column elementor-col-50 elementor-top-column elementor-element elementor-element-9e54809\" data-id=\"9e54809\" data-element_type=\"column\">\n\t\t\t<div class=\"elementor-widget-wrap elementor-element-populated\">\n\t\t\t\t\t\t\t\t<div class=\"elementor-element elementor-element-9df8cd4 elementor-widget elementor-widget-image\" data-id=\"9df8cd4\" data-element_type=\"widget\" data-widget_type=\"image.default\">\n\t\t\t\t<div class=\"elementor-widget-container\">\n\t\t\t\t\t\t\t\t\t\t\t\t<figure class=\"wp-caption\">\n\t\t\t\t\t\t\t\t\t\t\t<a href=\"https:\/\/conteudos.xpi.com.br\/fundos-imobiliarios\/\">\n\t\t\t\t\t\t\t<img decoding=\"async\" loading=\"lazy\" width=\"800\" height=\"533\" src=\"https:\/\/romainvestimentos.com\/wp-content\/uploads\/2023\/08\/stock-market-chart-technology-blue-background-1024x682.jpg\" class=\"attachment-large size-large wp-image-220\" alt=\"\" srcset=\"https:\/\/romainvestimentos.com\/wp-content\/uploads\/2023\/08\/stock-market-chart-technology-blue-background-1024x682.jpg 1024w, https:\/\/romainvestimentos.com\/wp-content\/uploads\/2023\/08\/stock-market-chart-technology-blue-background-300x200.jpg 300w, https:\/\/romainvestimentos.com\/wp-content\/uploads\/2023\/08\/stock-market-chart-technology-blue-background-768x512.jpg 768w, https:\/\/romainvestimentos.com\/wp-content\/uploads\/2023\/08\/stock-market-chart-technology-blue-background-1536x1024.jpg 1536w, https:\/\/romainvestimentos.com\/wp-content\/uploads\/2023\/08\/stock-market-chart-technology-blue-background.jpg 2000w\" sizes=\"(max-width: 800px) 100vw, 800px\" \/>\t\t\t\t\t\t\t\t<\/a>\n\t\t\t\t\t\t\t\t\t\t\t<figcaption class=\"widget-image-caption wp-caption-text\">Conte\u00fados sobre Fundos Imobili\u00e1rios<\/figcaption>\n\t\t\t\t\t\t\t\t\t\t<\/figure>\n\t\t\t\t\t\t\t\t\t<\/div>\n\t\t\t\t<\/div>\n\t\t\t\t\t<\/div>\n\t\t<\/div>\n\t\t\t\t\t\t\t<\/div>\n\t\t<\/section>\n\t\t\t\t\t\t\t<\/div>\n\t\t","protected":false},"excerpt":{"rendered":"<p>Fundos Imobili\u00e1rios O Que S\u00e3o? \u00a0 Os FIIs, conhecidos como Fundos de Investimento Imobili\u00e1rio, t\u00eam como objetivo captar recursos de investidores e buscar rentabilidade no mercado imobili\u00e1rio. Suas estrat\u00e9gias abrangem desde a incorpora\u00e7\u00e3o de empreendimentos at\u00e9 a aquisi\u00e7\u00e3o de lajes corporativas, resid\u00eancias e galp\u00f5es log\u00edsticos para aluguel. Al\u00e9m disso, alguns FIIs tamb\u00e9m investem na compra [&hellip;]<\/p>\n","protected":false},"author":1,"featured_media":0,"parent":0,"menu_order":0,"comment_status":"closed","ping_status":"closed","template":"","meta":{"footnotes":""},"_links":{"self":[{"href":"https:\/\/romainvestimentos.com\/index.php\/wp-json\/wp\/v2\/pages\/163"}],"collection":[{"href":"https:\/\/romainvestimentos.com\/index.php\/wp-json\/wp\/v2\/pages"}],"about":[{"href":"https:\/\/romainvestimentos.com\/index.php\/wp-json\/wp\/v2\/types\/page"}],"author":[{"embeddable":true,"href":"https:\/\/romainvestimentos.com\/index.php\/wp-json\/wp\/v2\/users\/1"}],"replies":[{"embeddable":true,"href":"https:\/\/romainvestimentos.com\/index.php\/wp-json\/wp\/v2\/comments?post=163"}],"version-history":[{"count":12,"href":"https:\/\/romainvestimentos.com\/index.php\/wp-json\/wp\/v2\/pages\/163\/revisions"}],"predecessor-version":[{"id":223,"href":"https:\/\/romainvestimentos.com\/index.php\/wp-json\/wp\/v2\/pages\/163\/revisions\/223"}],"wp:attachment":[{"href":"https:\/\/romainvestimentos.com\/index.php\/wp-json\/wp\/v2\/media?parent=163"}],"curies":[{"name":"wp","href":"https:\/\/api.w.org\/{rel}","templated":true}]}}