{"id":185,"date":"2023-08-23T17:51:58","date_gmt":"2023-08-23T20:51:58","guid":{"rendered":"https:\/\/romainvestimentos.com\/?page_id=185"},"modified":"2024-09-19T19:29:49","modified_gmt":"2024-09-19T22:29:49","slug":"produtos-internacionais","status":"publish","type":"page","link":"https:\/\/romainvestimentos.com\/index.php\/produtos-internacionais\/","title":{"rendered":"Produtos &#8211; Internacionais"},"content":{"rendered":"\t\t<div data-elementor-type=\"wp-page\" data-elementor-id=\"185\" class=\"elementor elementor-185\">\n\t\t\t\t\t\t\t\t\t<section class=\"elementor-section elementor-top-section elementor-element elementor-element-1ad76bd elementor-section-boxed elementor-section-height-default elementor-section-height-default\" data-id=\"1ad76bd\" data-element_type=\"section\">\n\t\t\t\t\t\t<div class=\"elementor-container elementor-column-gap-default\">\n\t\t\t\t\t<div class=\"elementor-column elementor-col-100 elementor-top-column elementor-element elementor-element-9187322\" data-id=\"9187322\" data-element_type=\"column\">\n\t\t\t<div class=\"elementor-widget-wrap elementor-element-populated\">\n\t\t\t\t\t\t\t\t<div class=\"elementor-element elementor-element-bc6c747 elementor-invisible elementor-widget elementor-widget-heading\" data-id=\"bc6c747\" data-element_type=\"widget\" data-settings=\"{&quot;_animation&quot;:&quot;fadeIn&quot;}\" data-widget_type=\"heading.default\">\n\t\t\t\t<div class=\"elementor-widget-container\">\n\t\t\t<style>\/*! elementor - v3.15.0 - 20-08-2023 *\/\n.elementor-heading-title{padding:0;margin:0;line-height:1}.elementor-widget-heading .elementor-heading-title[class*=elementor-size-]>a{color:inherit;font-size:inherit;line-height:inherit}.elementor-widget-heading .elementor-heading-title.elementor-size-small{font-size:15px}.elementor-widget-heading .elementor-heading-title.elementor-size-medium{font-size:19px}.elementor-widget-heading .elementor-heading-title.elementor-size-large{font-size:29px}.elementor-widget-heading .elementor-heading-title.elementor-size-xl{font-size:39px}.elementor-widget-heading .elementor-heading-title.elementor-size-xxl{font-size:59px}<\/style><h1 class=\"elementor-heading-title elementor-size-default\">Investimentos Internacionais<\/h1>\t\t<\/div>\n\t\t\t\t<\/div>\n\t\t\t\t<div class=\"elementor-element elementor-element-e1eacf7 elementor-widget elementor-widget-spacer\" data-id=\"e1eacf7\" data-element_type=\"widget\" data-widget_type=\"spacer.default\">\n\t\t\t\t<div class=\"elementor-widget-container\">\n\t\t\t<style>\/*! elementor - v3.15.0 - 20-08-2023 *\/\n.elementor-column .elementor-spacer-inner{height:var(--spacer-size)}.e-con{--container-widget-width:100%}.e-con-inner>.elementor-widget-spacer,.e-con>.elementor-widget-spacer{width:var(--container-widget-width,var(--spacer-size));--align-self:var(--container-widget-align-self,initial);--flex-shrink:0}.e-con-inner>.elementor-widget-spacer>.elementor-widget-container,.e-con-inner>.elementor-widget-spacer>.elementor-widget-container>.elementor-spacer,.e-con>.elementor-widget-spacer>.elementor-widget-container,.e-con>.elementor-widget-spacer>.elementor-widget-container>.elementor-spacer{height:100%}.e-con-inner>.elementor-widget-spacer>.elementor-widget-container>.elementor-spacer>.elementor-spacer-inner,.e-con>.elementor-widget-spacer>.elementor-widget-container>.elementor-spacer>.elementor-spacer-inner{height:var(--container-widget-height,var(--spacer-size))}<\/style>\t\t<div class=\"elementor-spacer\">\n\t\t\t<div class=\"elementor-spacer-inner\"><\/div>\n\t\t<\/div>\n\t\t\t\t<\/div>\n\t\t\t\t<\/div>\n\t\t\t\t\t<\/div>\n\t\t<\/div>\n\t\t\t\t\t\t\t<\/div>\n\t\t<\/section>\n\t\t\t\t<section class=\"elementor-section elementor-top-section elementor-element elementor-element-374a0cd elementor-section-boxed elementor-section-height-default elementor-section-height-default\" data-id=\"374a0cd\" data-element_type=\"section\">\n\t\t\t\t\t\t<div class=\"elementor-container elementor-column-gap-default\">\n\t\t\t\t\t<div class=\"elementor-column elementor-col-50 elementor-top-column elementor-element elementor-element-63b749e\" data-id=\"63b749e\" data-element_type=\"column\">\n\t\t\t<div class=\"elementor-widget-wrap elementor-element-populated\">\n\t\t\t\t\t\t\t\t<div class=\"elementor-element elementor-element-0568b70 elementor-widget elementor-widget-heading\" data-id=\"0568b70\" data-element_type=\"widget\" data-widget_type=\"heading.default\">\n\t\t\t\t<div class=\"elementor-widget-container\">\n\t\t\t<h2 class=\"elementor-heading-title elementor-size-default\">O Que S\u00e3o?<\/h2>\t\t<\/div>\n\t\t\t\t<\/div>\n\t\t\t\t<div class=\"elementor-element elementor-element-e3be9ba elementor-widget elementor-widget-text-editor\" data-id=\"e3be9ba\" data-element_type=\"widget\" data-widget_type=\"text-editor.default\">\n\t\t\t\t<div class=\"elementor-widget-container\">\n\t\t\t<style>\/*! elementor - v3.15.0 - 20-08-2023 *\/\n.elementor-widget-text-editor.elementor-drop-cap-view-stacked .elementor-drop-cap{background-color:#69727d;color:#fff}.elementor-widget-text-editor.elementor-drop-cap-view-framed .elementor-drop-cap{color:#69727d;border:3px solid;background-color:transparent}.elementor-widget-text-editor:not(.elementor-drop-cap-view-default) .elementor-drop-cap{margin-top:8px}.elementor-widget-text-editor:not(.elementor-drop-cap-view-default) .elementor-drop-cap-letter{width:1em;height:1em}.elementor-widget-text-editor .elementor-drop-cap{float:left;text-align:center;line-height:1;font-size:50px}.elementor-widget-text-editor .elementor-drop-cap-letter{display:inline-block}<\/style>\t\t\t\t<p>Temos uma gama abrangente de produtos de investimento internacionais, projetados para diversificar e fortalecer seu portf\u00f3lio. Com uma ampla sele\u00e7\u00e3o de op\u00e7\u00f5es dispon\u00edveis, oferecemos uma abordagem abrangente para ajudar a atingir seus objetivos financeiros de maneira global.<\/p><p>Nossos produtos de investimento internacionais abrem as portas para oportunidades globais, permitindo que voc\u00ea participe de mercados internacionais de crescimento din\u00e2mico. Desde fundos de investimento e t\u00edtulos internacionais at\u00e9 estrat\u00e9gias de diversifica\u00e7\u00e3o geogr\u00e1fica, nosso portf\u00f3lio oferece a flexibilidade necess\u00e1ria para adaptar sua estrat\u00e9gia de acordo com as tend\u00eancias globais em constante evolu\u00e7\u00e3o.<\/p>\t\t\t\t\t\t<\/div>\n\t\t\t\t<\/div>\n\t\t\t\t\t<\/div>\n\t\t<\/div>\n\t\t\t\t<div class=\"elementor-column elementor-col-50 elementor-top-column elementor-element elementor-element-a26e67a\" data-id=\"a26e67a\" data-element_type=\"column\">\n\t\t\t<div class=\"elementor-widget-wrap elementor-element-populated\">\n\t\t\t\t\t\t\t\t<div class=\"elementor-element elementor-element-167b0bf elementor-widget elementor-widget-image\" data-id=\"167b0bf\" data-element_type=\"widget\" data-widget_type=\"image.default\">\n\t\t\t\t<div class=\"elementor-widget-container\">\n\t\t\t<style>\/*! elementor - v3.15.0 - 20-08-2023 *\/\n.elementor-widget-image{text-align:center}.elementor-widget-image a{display:inline-block}.elementor-widget-image a img[src$=\".svg\"]{width:48px}.elementor-widget-image img{vertical-align:middle;display:inline-block}<\/style>\t\t\t\t\t\t\t\t\t\t\t\t<img decoding=\"async\" loading=\"lazy\" width=\"800\" height=\"534\" src=\"https:\/\/romainvestimentos.com\/wp-content\/uploads\/2023\/08\/coins-paper-money-globe-white-statistic-form-background-1024x683.jpg\" class=\"attachment-large size-large wp-image-191\" alt=\"\" srcset=\"https:\/\/romainvestimentos.com\/wp-content\/uploads\/2023\/08\/coins-paper-money-globe-white-statistic-form-background-1024x683.jpg 1024w, https:\/\/romainvestimentos.com\/wp-content\/uploads\/2023\/08\/coins-paper-money-globe-white-statistic-form-background-300x200.jpg 300w, https:\/\/romainvestimentos.com\/wp-content\/uploads\/2023\/08\/coins-paper-money-globe-white-statistic-form-background-768x512.jpg 768w, https:\/\/romainvestimentos.com\/wp-content\/uploads\/2023\/08\/coins-paper-money-globe-white-statistic-form-background-1536x1024.jpg 1536w, https:\/\/romainvestimentos.com\/wp-content\/uploads\/2023\/08\/coins-paper-money-globe-white-statistic-form-background-2048x1365.jpg 2048w\" sizes=\"(max-width: 800px) 100vw, 800px\" \/>\t\t\t\t\t\t\t\t\t\t\t\t\t\t\t<\/div>\n\t\t\t\t<\/div>\n\t\t\t\t\t<\/div>\n\t\t<\/div>\n\t\t\t\t\t\t\t<\/div>\n\t\t<\/section>\n\t\t\t\t<section class=\"elementor-section elementor-top-section elementor-element elementor-element-c3957a7 elementor-section-boxed elementor-section-height-default elementor-section-height-default\" data-id=\"c3957a7\" data-element_type=\"section\">\n\t\t\t\t\t\t<div class=\"elementor-container elementor-column-gap-default\">\n\t\t\t\t\t<div class=\"elementor-column elementor-col-100 elementor-top-column elementor-element elementor-element-742ec72\" data-id=\"742ec72\" data-element_type=\"column\">\n\t\t\t<div class=\"elementor-widget-wrap elementor-element-populated\">\n\t\t\t\t\t\t\t\t<div class=\"elementor-element elementor-element-4bf7a62 elementor-widget elementor-widget-spacer\" data-id=\"4bf7a62\" data-element_type=\"widget\" data-widget_type=\"spacer.default\">\n\t\t\t\t<div class=\"elementor-widget-container\">\n\t\t\t\t\t<div class=\"elementor-spacer\">\n\t\t\t<div class=\"elementor-spacer-inner\"><\/div>\n\t\t<\/div>\n\t\t\t\t<\/div>\n\t\t\t\t<\/div>\n\t\t\t\t<div class=\"elementor-element elementor-element-e632dc2 elementor-widget elementor-widget-text-editor\" data-id=\"e632dc2\" data-element_type=\"widget\" data-widget_type=\"text-editor.default\">\n\t\t\t\t<div class=\"elementor-widget-container\">\n\t\t\t\t\t\t\t<p>Uma das principais vantagens de explorar produtos de investimento \ninternacionais \u00e9 a possibilidade de reduzir riscos por meio da \ndiversifica\u00e7\u00e3o geogr\u00e1fica. Isso ajuda a minimizar a exposi\u00e7\u00e3o a \nflutua\u00e7\u00f5es econ\u00f4micas e pol\u00edticas espec\u00edficas de um \u00fanico pa\u00eds. Al\u00e9m \ndisso, a busca por retornos atraentes muitas vezes leva os investidores a\n mercados emergentes com potencial de crescimento substancial. Ao \nintegrar essas oportunidades internacionais em seu portf\u00f3lio, voc\u00ea pode \notimizar seu potencial de retorno e construir uma base s\u00f3lida para seus \nobjetivos financeiros de longo prazo.<\/p>\n<p>Portanto, convidamos voc\u00ea a explorar nossa variedade de produtos de \ninvestimento internacionais, aproveitando as vantagens da diversifica\u00e7\u00e3o\n global e do potencial de crescimento em mercados emergentes. Nossa \nequipe de especialistas est\u00e1 \u00e0 disposi\u00e7\u00e3o para orient\u00e1-lo na escolha das\n melhores op\u00e7\u00f5es de investimento para atender \u00e0s suas metas e toler\u00e2ncia\n ao risco. Junte-se a n\u00f3s nessa jornada de descoberta e constru\u00e7\u00e3o de \nriqueza atrav\u00e9s de oportunidades internacionais emocionantes!<\/p>\t\t\t\t\t\t<\/div>\n\t\t\t\t<\/div>\n\t\t\t\t<div class=\"elementor-element elementor-element-b7a0b61 elementor-widget elementor-widget-spacer\" data-id=\"b7a0b61\" data-element_type=\"widget\" data-widget_type=\"spacer.default\">\n\t\t\t\t<div class=\"elementor-widget-container\">\n\t\t\t\t\t<div class=\"elementor-spacer\">\n\t\t\t<div class=\"elementor-spacer-inner\"><\/div>\n\t\t<\/div>\n\t\t\t\t<\/div>\n\t\t\t\t<\/div>\n\t\t\t\t<div class=\"elementor-element elementor-element-6f67e7c elementor-widget elementor-widget-heading\" data-id=\"6f67e7c\" data-element_type=\"widget\" data-widget_type=\"heading.default\">\n\t\t\t\t<div class=\"elementor-widget-container\">\n\t\t\t<h2 class=\"elementor-heading-title elementor-size-default\">Leia Mais Sobre Investimentos Internacionais<\/h2>\t\t<\/div>\n\t\t\t\t<\/div>\n\t\t\t\t\t<\/div>\n\t\t<\/div>\n\t\t\t\t\t\t\t<\/div>\n\t\t<\/section>\n\t\t\t\t<section class=\"elementor-section elementor-top-section elementor-element elementor-element-90c1b29 elementor-section-boxed elementor-section-height-default elementor-section-height-default\" data-id=\"90c1b29\" data-element_type=\"section\">\n\t\t\t\t\t\t<div class=\"elementor-container elementor-column-gap-default\">\n\t\t\t\t\t<div class=\"elementor-column elementor-col-50 elementor-top-column elementor-element elementor-element-5bba301\" data-id=\"5bba301\" data-element_type=\"column\">\n\t\t\t<div class=\"elementor-widget-wrap elementor-element-populated\">\n\t\t\t\t\t\t\t\t<div class=\"elementor-element elementor-element-27cbc4e elementor-widget elementor-widget-image\" data-id=\"27cbc4e\" data-element_type=\"widget\" data-widget_type=\"image.default\">\n\t\t\t\t<div class=\"elementor-widget-container\">\n\t\t\t\t\t\t\t\t\t\t\t\t<figure class=\"wp-caption\">\n\t\t\t\t\t\t\t\t\t\t\t<a href=\"https:\/\/conteudos.xpi.com.br\/internacional\/\">\n\t\t\t\t\t\t\t<img decoding=\"async\" loading=\"lazy\" width=\"800\" height=\"534\" src=\"https:\/\/romainvestimentos.com\/wp-content\/uploads\/2023\/08\/business-people-working-data-project-1024x683.jpg\" class=\"attachment-large size-large wp-image-192\" alt=\"\" srcset=\"https:\/\/romainvestimentos.com\/wp-content\/uploads\/2023\/08\/business-people-working-data-project-1024x683.jpg 1024w, https:\/\/romainvestimentos.com\/wp-content\/uploads\/2023\/08\/business-people-working-data-project-300x200.jpg 300w, https:\/\/romainvestimentos.com\/wp-content\/uploads\/2023\/08\/business-people-working-data-project-768x513.jpg 768w, https:\/\/romainvestimentos.com\/wp-content\/uploads\/2023\/08\/business-people-working-data-project-1536x1025.jpg 1536w, https:\/\/romainvestimentos.com\/wp-content\/uploads\/2023\/08\/business-people-working-data-project-2048x1367.jpg 2048w\" sizes=\"(max-width: 800px) 100vw, 800px\" \/>\t\t\t\t\t\t\t\t<\/a>\n\t\t\t\t\t\t\t\t\t\t\t<figcaption class=\"widget-image-caption wp-caption-text\">Conte\u00fados sobre Investimentos Internacionais<\/figcaption>\n\t\t\t\t\t\t\t\t\t\t<\/figure>\n\t\t\t\t\t\t\t\t\t<\/div>\n\t\t\t\t<\/div>\n\t\t\t\t\t<\/div>\n\t\t<\/div>\n\t\t\t\t<div class=\"elementor-column elementor-col-50 elementor-top-column elementor-element elementor-element-9e54809\" data-id=\"9e54809\" data-element_type=\"column\">\n\t\t\t<div class=\"elementor-widget-wrap elementor-element-populated\">\n\t\t\t\t\t\t\t\t<div class=\"elementor-element elementor-element-9df8cd4 elementor-widget elementor-widget-image\" data-id=\"9df8cd4\" data-element_type=\"widget\" data-widget_type=\"image.default\">\n\t\t\t\t<div class=\"elementor-widget-container\">\n\t\t\t\t\t\t\t\t\t\t\t\t<figure class=\"wp-caption\">\n\t\t\t\t\t\t\t\t\t\t\t<a href=\"https:\/\/conteudos.xpi.com.br\/internacional\/carteiras\/\">\n\t\t\t\t\t\t\t<img decoding=\"async\" loading=\"lazy\" width=\"800\" height=\"534\" src=\"https:\/\/romainvestimentos.com\/wp-content\/uploads\/2023\/08\/unrecognizable-businesswoman-using-digital-tablet-while-examining-globe-planning-her-vacation-1024x683.jpg\" class=\"attachment-large size-large wp-image-193\" alt=\"\" srcset=\"https:\/\/romainvestimentos.com\/wp-content\/uploads\/2023\/08\/unrecognizable-businesswoman-using-digital-tablet-while-examining-globe-planning-her-vacation-1024x683.jpg 1024w, https:\/\/romainvestimentos.com\/wp-content\/uploads\/2023\/08\/unrecognizable-businesswoman-using-digital-tablet-while-examining-globe-planning-her-vacation-300x200.jpg 300w, https:\/\/romainvestimentos.com\/wp-content\/uploads\/2023\/08\/unrecognizable-businesswoman-using-digital-tablet-while-examining-globe-planning-her-vacation-768x512.jpg 768w, https:\/\/romainvestimentos.com\/wp-content\/uploads\/2023\/08\/unrecognizable-businesswoman-using-digital-tablet-while-examining-globe-planning-her-vacation-1536x1024.jpg 1536w, https:\/\/romainvestimentos.com\/wp-content\/uploads\/2023\/08\/unrecognizable-businesswoman-using-digital-tablet-while-examining-globe-planning-her-vacation-2048x1365.jpg 2048w\" sizes=\"(max-width: 800px) 100vw, 800px\" \/>\t\t\t\t\t\t\t\t<\/a>\n\t\t\t\t\t\t\t\t\t\t\t<figcaption class=\"widget-image-caption wp-caption-text\">Top Carteiras Internacionais<\/figcaption>\n\t\t\t\t\t\t\t\t\t\t<\/figure>\n\t\t\t\t\t\t\t\t\t<\/div>\n\t\t\t\t<\/div>\n\t\t\t\t\t<\/div>\n\t\t<\/div>\n\t\t\t\t\t\t\t<\/div>\n\t\t<\/section>\n\t\t\t\t\t\t\t<\/div>\n\t\t","protected":false},"excerpt":{"rendered":"<p>Investimentos Internacionais O Que S\u00e3o? Temos uma gama abrangente de produtos de investimento internacionais, projetados para diversificar e fortalecer seu portf\u00f3lio. Com uma ampla sele\u00e7\u00e3o de op\u00e7\u00f5es dispon\u00edveis, oferecemos uma abordagem abrangente para ajudar a atingir seus objetivos financeiros de maneira global. Nossos produtos de investimento internacionais abrem as portas para oportunidades globais, permitindo que [&hellip;]<\/p>\n","protected":false},"author":1,"featured_media":0,"parent":0,"menu_order":0,"comment_status":"closed","ping_status":"closed","template":"","meta":{"footnotes":""},"_links":{"self":[{"href":"https:\/\/romainvestimentos.com\/index.php\/wp-json\/wp\/v2\/pages\/185"}],"collection":[{"href":"https:\/\/romainvestimentos.com\/index.php\/wp-json\/wp\/v2\/pages"}],"about":[{"href":"https:\/\/romainvestimentos.com\/index.php\/wp-json\/wp\/v2\/types\/page"}],"author":[{"embeddable":true,"href":"https:\/\/romainvestimentos.com\/index.php\/wp-json\/wp\/v2\/users\/1"}],"replies":[{"embeddable":true,"href":"https:\/\/romainvestimentos.com\/index.php\/wp-json\/wp\/v2\/comments?post=185"}],"version-history":[{"count":21,"href":"https:\/\/romainvestimentos.com\/index.php\/wp-json\/wp\/v2\/pages\/185\/revisions"}],"predecessor-version":[{"id":529,"href":"https:\/\/romainvestimentos.com\/index.php\/wp-json\/wp\/v2\/pages\/185\/revisions\/529"}],"wp:attachment":[{"href":"https:\/\/romainvestimentos.com\/index.php\/wp-json\/wp\/v2\/media?parent=185"}],"curies":[{"name":"wp","href":"https:\/\/api.w.org\/{rel}","templated":true}]}}